{"id":8333,"date":"2024-08-21T08:34:36","date_gmt":"2024-08-21T08:34:36","guid":{"rendered":"https:\/\/pservice.se.185-133-206-116.bb.kringelstan.se\/?page_id=8333"},"modified":"2025-02-10T13:49:57","modified_gmt":"2025-02-10T13:49:57","slug":"uthyrning","status":"publish","type":"page","link":"https:\/\/pservice.se\/en_en\/uthyrning\/","title":{"rendered":"Rental"},"content":{"rendered":"<div class=\"inner-content-wrap\">\n<div class=\"wp-block-group max-bredd-large\"><div class=\"wp-block-group__inner-container is-layout-constrained wp-block-group-is-layout-constrained\">\n<h2 class=\"wp-block-heading\">Worry-free parking<\/h2>\n\n\n\n<p>We work with different types of tailor-made concepts for our customers. In our service portfolio we can also offer car park management. We can then offer a complete solution for the customer. We free up resources for our customers that can be used for other purposes.<\/p>\n\n\n\n<p>We can also offer simpler concepts like Flex Parking<\/p>\n\n\n\n<p><strong>Feel free to contact one of our colleagues working in the lettings department<\/strong><\/p>\n\n\n\n<p><strong>Telephone:<\/strong> <a href=\"tel:0771-77 11 00\">0771-77 11 00<\/a><br><strong>E-mail:<\/strong>&nbsp;<a href=\"mailto:uthyrning@pservice.se\">uthyrning@pservice.se<\/a><\/p>\n<\/div><\/div>\n<\/div>","protected":false},"excerpt":{"rendered":"<p>Bekymmersfri parkering Vi arbetar med olika typer av skr\u00e4ddarsydda koncept f\u00f6r v\u00e5ra kunder. I v\u00e5r tj\u00e4nsteportf\u00f6lj s\u00e5 kan vi ocks\u00e5 erbjuda administration av parkeringsplatser. D\u00e5 kan vi erbjuda en helhetsl\u00f6sning f\u00f6r kunden. Vi frig\u00f6r resurser hos v\u00e5ra kunder som kan anv\u00e4ndas till annat. Vi kan ocks\u00e5 erbjuda enklare koncept som Flexparkering Kontakta g\u00e4rna en av [&hellip;]<\/p>\n","protected":false},"author":1,"featured_media":0,"parent":0,"menu_order":7,"comment_status":"closed","ping_status":"closed","template":"","meta":{"_acf_changed":false,"footnotes":""},"class_list":["post-8333","page","type-page","status-publish","hentry"],"acf":[],"_links":{"self":[{"href":"https:\/\/pservice.se\/en_en\/wp-json\/wp\/v2\/pages\/8333","targetHints":{"allow":["GET"]}}],"collection":[{"href":"https:\/\/pservice.se\/en_en\/wp-json\/wp\/v2\/pages"}],"about":[{"href":"https:\/\/pservice.se\/en_en\/wp-json\/wp\/v2\/types\/page"}],"author":[{"embeddable":true,"href":"https:\/\/pservice.se\/en_en\/wp-json\/wp\/v2\/users\/1"}],"replies":[{"embeddable":true,"href":"https:\/\/pservice.se\/en_en\/wp-json\/wp\/v2\/comments?post=8333"}],"version-history":[{"count":10,"href":"https:\/\/pservice.se\/en_en\/wp-json\/wp\/v2\/pages\/8333\/revisions"}],"predecessor-version":[{"id":8563,"href":"https:\/\/pservice.se\/en_en\/wp-json\/wp\/v2\/pages\/8333\/revisions\/8563"}],"wp:attachment":[{"href":"https:\/\/pservice.se\/en_en\/wp-json\/wp\/v2\/media?parent=8333"}],"curies":[{"name":"wp","href":"https:\/\/api.w.org\/{rel}","templated":true}]}}