{"id":8329,"date":"2024-08-21T08:34:12","date_gmt":"2024-08-21T08:34:12","guid":{"rendered":"https:\/\/pservice.se.185-133-206-116.bb.kringelstan.se\/?page_id=8329"},"modified":"2025-06-18T07:00:06","modified_gmt":"2025-06-18T07:00:06","slug":"parkering","status":"publish","type":"page","link":"https:\/\/pservice.se\/en_en\/parkering\/","title":{"rendered":"Car parking"},"content":{"rendered":"<div class=\"inner-content-wrap\">\n<div class=\"wp-block-group max-bredd-large\"><div class=\"wp-block-group__inner-container is-layout-constrained wp-block-group-is-layout-constrained\">\n<h4 class=\"wp-block-heading\">We provide parking surveillance on private land in Stockholm County, S\u00f6dermanland, Uppland, V\u00e4stmanland, \u00d6sterg\u00f6tland, N\u00e4rke and V\u00e4rmland.<\/h4>\n\n\n\n<p>\"Parking is defined by the Traffic Regulation as stopping a vehicle for any reason other than to load or unload goods, to pick up or drop off passengers, or because the traffic situation requires it\"<\/p>\n\n\n\n<p>The areas we have been assigned to monitor are marked with a so-called contractor sign at the entrance to the car park. &nbsp;<\/p>\n\n\n\n<p>Basic rules for parking are available on the website of the Swedish Transport Agency. Read more below:<\/p>\n\n\n\n<div data-wp-interactive=\"core\/file\" class=\"wp-block-file\"><object data-wp-bind--hidden=\"!state.hasPdfPreview\" hidden class=\"wp-block-file__embed\" data=\"https:\/\/pservice.se\/wp-content\/uploads\/2024\/08\/stanna-och-parkera-a5-webb.pdf\" type=\"application\/pdf\" style=\"width:100%;height:600px\" aria-label=\"Embed of stanna-och-parkera-a5-webb.\"><\/object><a id=\"wp-block-file--media-e61e42e7-8ed5-431c-b97e-f0fdf6af7ac8\" href=\"https:\/\/pservice.se\/wp-content\/uploads\/2024\/08\/stanna-och-parkera-a5-webb.pdf\">stop-and-park-a5-web<\/a><a href=\"https:\/\/pservice.se\/wp-content\/uploads\/2024\/08\/stanna-och-parkera-a5-webb.pdf\" class=\"wp-block-file__button wp-element-button\" download aria-describedby=\"wp-block-file--media-e61e42e7-8ed5-431c-b97e-f0fdf6af7ac8\">Download<\/a><\/div>\n<\/div><\/div>\n<\/div>","protected":false},"excerpt":{"rendered":"<p>Vi tillhandh\u00e5ller parkerings\u00f6vervakning p\u00e5 privat tomtmark i Stockholms l\u00e4n, S\u00f6dermanland, Uppland, V\u00e4stmanland, \u00d6sterg\u00f6tland, N\u00e4rke och V\u00e4rmland. \u201dParkering&nbsp;definieras av trafikf\u00f6rordningen som att stanna ett fordon av varje annan orsak \u00e4n att lasta eller lossa gods, att ta upp eller l\u00e4mna av passagerare, eller f\u00f6r att trafiksituationen kr\u00e4ver det\u201d De omr\u00e5den vi f\u00e5tt i uppdrag att bevaka [&hellip;]<\/p>\n","protected":false},"author":1,"featured_media":0,"parent":0,"menu_order":5,"comment_status":"closed","ping_status":"closed","template":"","meta":{"_acf_changed":false,"footnotes":""},"class_list":["post-8329","page","type-page","status-publish","hentry"],"acf":[],"_links":{"self":[{"href":"https:\/\/pservice.se\/en_en\/wp-json\/wp\/v2\/pages\/8329","targetHints":{"allow":["GET"]}}],"collection":[{"href":"https:\/\/pservice.se\/en_en\/wp-json\/wp\/v2\/pages"}],"about":[{"href":"https:\/\/pservice.se\/en_en\/wp-json\/wp\/v2\/types\/page"}],"author":[{"embeddable":true,"href":"https:\/\/pservice.se\/en_en\/wp-json\/wp\/v2\/users\/1"}],"replies":[{"embeddable":true,"href":"https:\/\/pservice.se\/en_en\/wp-json\/wp\/v2\/comments?post=8329"}],"version-history":[{"count":16,"href":"https:\/\/pservice.se\/en_en\/wp-json\/wp\/v2\/pages\/8329\/revisions"}],"predecessor-version":[{"id":8676,"href":"https:\/\/pservice.se\/en_en\/wp-json\/wp\/v2\/pages\/8329\/revisions\/8676"}],"wp:attachment":[{"href":"https:\/\/pservice.se\/en_en\/wp-json\/wp\/v2\/media?parent=8329"}],"curies":[{"name":"wp","href":"https:\/\/api.w.org\/{rel}","templated":true}]}}