{"id":8293,"date":"2024-08-21T07:57:20","date_gmt":"2024-08-21T07:57:20","guid":{"rendered":"https:\/\/pservice.se.185-133-206-116.bb.kringelstan.se\/?page_id=8293"},"modified":"2024-08-21T08:31:09","modified_gmt":"2024-08-21T08:31:09","slug":"overklaga","status":"publish","type":"page","link":"https:\/\/pservice.se\/en_en\/overklaga\/","title":{"rendered":"Appeal"},"content":{"rendered":"<div class=\"inner-content-wrap\">\n<div class=\"wp-block-group max-bredd-large\"><div class=\"wp-block-group__inner-container is-layout-constrained wp-block-group-is-layout-constrained\">\n<h1 class=\"wp-block-heading\">\u00d6verklaga<\/h1>\n\n\n\n<p>H\u00e4r har du m\u00f6jlighet att&nbsp;ifr\u00e5gas\u00e4tta\/\u00f6verklaga en kontrollavgift. Om du anser att en kontrollavgift \u00e4r felaktigt utf\u00e4rdad&nbsp;ska du fylla i formul\u00e4ret nedan.<\/p>\n\n\n\n<p><strong>Obs! Vi godtar ej \u00f6verklagande&nbsp;via e-mail p.g.a. s\u00e4kerhetsrisken.<\/strong><\/p>\n\n\n\n<p>Under orsak anger du varf\u00f6r du anser att kontrollavgiften \u00e4r&nbsp;felaktig. Efter utredning skickar vi ett svar p\u00e5 ditt \u00f6verklagande.<\/p>\n\n\n\n<p>Omst\u00e4ndigheter som kan leda till att kontrollavgiften avskrivs:<\/p>\n\n\n\n<ul class=\"wp-block-list\">\n<li>Formella fel p\u00e5 kontrollavgiften eller p\u00e5 skyltningen p\u00e5&nbsp;platsen<\/li>\n\n\n\n<li>Egen eller n\u00e4ra anh\u00f6rigs akuta sjukdom (l\u00e4karintyg kr\u00e4vs)<\/li>\n\n\n\n<li>Fordonet anm\u00e4lt stulet vid tidpunkten f\u00f6r \u00f6vertr\u00e4delsen&nbsp;(polisanm\u00e4lan kr\u00e4vs)<\/li>\n\n\n\n<li>Akut fel p\u00e5 fordonet d\u00e4r det kan styrkas att \u00e5tg\u00e4rder&nbsp;vidtagits f\u00f6r flyttning av fordonet (s\u00e5dan f\u00f6rflyttning&nbsp;skall ske t\u00e4mligen omg\u00e5ende)<\/li>\n\n\n\n<li>\u00d6vriga omst\u00e4ndigheter blir ofta sv\u00e5ra att h\u00e4vda vid&nbsp;\u00f6verklagan.<\/li>\n<\/ul>\n\n\n\n<p>Scrolla ner sidan s\u00e5 kommer du till formul\u00e4ret som du fyller i och skickar till oss.<\/p>\n<\/div><\/div>\n\n\n\n<div class=\"wp-block-group kontaktbox\"><div class=\"wp-block-group__inner-container is-layout-constrained wp-block-group-is-layout-constrained\">\n<h3 class=\"wp-block-heading\">Formul\u00e4r<\/h3>\n\n\n<div class=\"wpforms-container wpforms-container-full wpforms-block wpforms-block-3ee34cbc-8a91-4028-9a42-b8c6c3bde728\" id=\"wpforms-8297\"><form id=\"wpforms-form-8297\" class=\"wpforms-validate wpforms-form\" data-formid=\"8297\" method=\"post\" enctype=\"multipart\/form-data\" action=\"\/en_en\/wp-json\/wp\/v2\/pages\/8293?wpforms_form_id=8297\" data-token=\"280fed95dc7b1edb445b0de7867627ac\" data-token-time=\"1776492048\"><noscript class=\"wpforms-error-noscript\">Please enable JavaScript in your browser to complete this form.<\/noscript><div class=\"wpforms-field-container\"><div id=\"wpforms-8297-field_27-container\" class=\"wpforms-field wpforms-field-layout\" data-field-id=\"27\"><div class=\"wpforms-field-layout-rows wpforms-field-large\"><div class=\"wpforms-layout-row\"><div class=\"wpforms-layout-column wpforms-layout-column-33\"><div id=\"wpforms-8297-field_10-container\" class=\"wpforms-field wpforms-field-number wpforms-field-large\" data-field-id=\"10\"><label class=\"wpforms-field-label wpforms-label-hide\" for=\"wpforms-8297-field_10\">\u00c4rend\/OCR-nr <span class=\"wpforms-required-label\">*<\/span><\/label><input type=\"number\" id=\"wpforms-8297-field_10\" class=\"wpforms-field-large wpforms-field-required\" name=\"wpforms[fields][10]\" placeholder=\"\u00c4rende\/OCRnummer\" step=\"any\" required><div class=\"wpforms-field-description\">Bara \u00e4rendenumret ska fyllas i h\u00e4r. Max 15 tecken.<\/div><\/div><\/div><div class=\"wpforms-layout-column wpforms-layout-column-33\"><div id=\"wpforms-8297-field_11-container\" class=\"wpforms-field wpforms-field-date-time\" data-field-id=\"11\"><label class=\"wpforms-field-label wpforms-label-hide\" for=\"wpforms-8297-field_11\">Utf\u00e4rdad datum:<\/label><div class=\"wpforms-datepicker-wrap\"><input type=\"text\" id=\"wpforms-8297-field_11\" class=\"wpforms-field-date-time-date wpforms-datepicker wpforms-field-large\" data-date-format=\"m\/d\/Y\" data-disable-past-dates=\"0\" data-input=\"true\" name=\"wpforms[fields][11][date]\" ><a title=\"Clear Date\" data-clear role=\"button\" tabindex=\"0\" class=\"wpforms-datepicker-clear\" aria-label=\"Clear Date\" style=\"display:none;\"><\/a><\/div><div class=\"wpforms-field-description\">Utf\u00e4rdad datum:<\/div><\/div><\/div><div class=\"wpforms-layout-column wpforms-layout-column-33\"><div id=\"wpforms-8297-field_12-container\" class=\"wpforms-field wpforms-field-text\" data-field-id=\"12\"><label class=\"wpforms-field-label wpforms-label-hide\" for=\"wpforms-8297-field_12\">Fordonets regnr: <span class=\"wpforms-required-label\">*<\/span><\/label><input type=\"text\" id=\"wpforms-8297-field_12\" class=\"wpforms-field-large wpforms-field-required\" name=\"wpforms[fields][12]\" placeholder=\"Fordonets regnr:\" required><div class=\"wpforms-field-description\">Bara fordonets registreringsnummer ska fyllas i h\u00e4r.<\/div><\/div><\/div><\/div><\/div><\/div><div id=\"wpforms-8297-field_13-container\" class=\"wpforms-field wpforms-field-select wpforms-field-select-style-classic\" data-field-id=\"13\"><label class=\"wpforms-field-label wpforms-label-hide\" for=\"wpforms-8297-field_13\">V\u00e4lj \u00f6vertr\u00e4delse:  <span class=\"wpforms-required-label\">*<\/span><\/label><select id=\"wpforms-8297-field_13\" class=\"wpforms-field-large wpforms-field-required\" name=\"wpforms[fields][13]\" required=\"required\"><option value=\"\" class=\"placeholder\" disabled  selected='selected'>V\u00e4lj \u00f6vertr\u00e4delse: <\/option><option value=\"Ej parkerat inom markerad plats\"  class=\"choice-1 depth-1\"  >Ej parkerat inom markerad plats<\/option><option value=\"Parkering l\u00e4ngre \u00e4n till\u00e5ten\/betald parkeringstid\"  class=\"choice-2 depth-1\"  >Parkering l\u00e4ngre \u00e4n till\u00e5ten\/betald parkeringstid<\/option><option value=\"Parkeringsavgift ej erlagd\"  class=\"choice-3 depth-1\"  >Parkeringsavgift ej erlagd<\/option><option value=\"Parkering utan att ha f\u00f6ljt f\u00f6reskrifter om m\u00e4tarens anv\u00e4ndning\"  class=\"choice-4 depth-1\"  >Parkering utan att ha f\u00f6ljt f\u00f6reskrifter om m\u00e4tarens anv\u00e4ndning<\/option><option value=\"Giltig parkeringsbiljett saknas\/ej synlig\"  class=\"choice-5 depth-1\"  >Giltig parkeringsbiljett saknas\/ej synlig<\/option><option value=\"Parkeringsbiljett felv\u00e4nd\/ej synlig\"  class=\"choice-6 depth-1\"  >Parkeringsbiljett felv\u00e4nd\/ej synlig<\/option><option value=\"Giltigt parkeringstillst\u00e5nd saknas\/ej synligt\"  class=\"choice-7 depth-1\"  >Giltigt parkeringstillst\u00e5nd saknas\/ej synligt<\/option><option value=\"Ej giltigt parkeringstillst\u00e5nd\"  class=\"choice-8 depth-1\"  >Ej giltigt parkeringstillst\u00e5nd<\/option><option value=\"Parkering i parkeringsplats f\u00f6r bes\u00f6kande\"  class=\"choice-9 depth-1\"  >Parkering i parkeringsplats f\u00f6r bes\u00f6kande<\/option><option value=\"Parkering i f\u00f6rhyrd\/reserverad plats\"  class=\"choice-10 depth-1\"  >Parkering i f\u00f6rhyrd\/reserverad plats<\/option><option value=\"Stannande\/parkering i parkeringsplats f\u00f6r r\u00f6relsehindrade med s\u00e4rskilt parkeringstillst\u00e5nd\"  class=\"choice-11 depth-1\"  >Stannande\/parkering i parkeringsplats f\u00f6r r\u00f6relsehindrade med s\u00e4rskilt parkeringstillst\u00e5nd<\/option><option value=\"Parkering i parkeringsplats reserverad f\u00f6r visst fordonsslag\"  class=\"choice-12 depth-1\"  >Parkering i parkeringsplats reserverad f\u00f6r visst fordonsslag<\/option><option value=\"Parkeringsskiva saknas\/ej synlig\"  class=\"choice-13 depth-1\"  >Parkeringsskiva saknas\/ej synlig<\/option><option value=\"Parkeringsskiva felv\u00e4nd\/ej synlig\"  class=\"choice-14 depth-1\"  >Parkeringsskiva felv\u00e4nd\/ej synlig<\/option><option value=\"F\u00f6rbud att parkera\"  class=\"choice-15 depth-1\"  >F\u00f6rbud att parkera<\/option><option value=\"F\u00f6rbud att parkera-omr\u00e5de\"  class=\"choice-16 depth-1\"  >F\u00f6rbud att parkera-omr\u00e5de<\/option><option value=\"P 10 min - Parkering l\u00e4ngre \u00e4n till\u00e5ten parkeringstid\"  class=\"choice-17 depth-1\"  >P 10 min &#8211; Parkering l\u00e4ngre \u00e4n till\u00e5ten parkeringstid<\/option><option value=\"P 15 min - Parkering l\u00e4ngre \u00e4n till\u00e5ten parkeringstid\"  class=\"choice-18 depth-1\"  >P 15 min &#8211; Parkering l\u00e4ngre \u00e4n till\u00e5ten parkeringstid<\/option><option value=\"P 30 min - Parkering l\u00e4ngre \u00e4n till\u00e5ten parkeringstid\"  class=\"choice-19 depth-1\"  >P 30 min &#8211; Parkering l\u00e4ngre \u00e4n till\u00e5ten parkeringstid<\/option><option value=\"P 1 tim - Parkering l\u00e4ngre \u00e4n till\u00e5ten parkeringstid\"  class=\"choice-20 depth-1\"  >P 1 tim &#8211; Parkering l\u00e4ngre \u00e4n till\u00e5ten parkeringstid<\/option><option value=\"P 2 tim - Parkering l\u00e4ngre \u00e4n till\u00e5ten parkeringstid\"  class=\"choice-21 depth-1\"  >P 2 tim &#8211; Parkering l\u00e4ngre \u00e4n till\u00e5ten parkeringstid<\/option><option value=\"P 3 tim - Parkering l\u00e4ngre \u00e4n till\u00e5ten parkeringstid\"  class=\"choice-22 depth-1\"  >P 3 tim &#8211; Parkering l\u00e4ngre \u00e4n till\u00e5ten parkeringstid<\/option><option value=\"P 4 tim - Parkering l\u00e4ngre \u00e4n till\u00e5ten parkeringstid\"  class=\"choice-23 depth-1\"  >P 4 tim &#8211; Parkering l\u00e4ngre \u00e4n till\u00e5ten parkeringstid<\/option><option value=\"P 5 tim - Parkering l\u00e4ngre \u00e4n till\u00e5ten parkeringstid\"  class=\"choice-24 depth-1\"  >P 5 tim &#8211; Parkering l\u00e4ngre \u00e4n till\u00e5ten parkeringstid<\/option><option value=\"P 6 tim - Parkering l\u00e4ngre \u00e4n till\u00e5ten parkeringstid\"  class=\"choice-25 depth-1\"  >P 6 tim &#8211; Parkering l\u00e4ngre \u00e4n till\u00e5ten parkeringstid<\/option><option value=\"P 12 tim - Parkering l\u00e4ngre \u00e4n till\u00e5ten parkeringstid\"  class=\"choice-26 depth-1\"  >P 12 tim &#8211; Parkering l\u00e4ngre \u00e4n till\u00e5ten parkeringstid<\/option><option value=\"P 24 tim - Parkering l\u00e4ngre \u00e4n till\u00e5ten parkeringstid\"  class=\"choice-27 depth-1\"  >P 24 tim &#8211; Parkering l\u00e4ngre \u00e4n till\u00e5ten parkeringstid<\/option><option value=\"P 48 tim - Parkering l\u00e4ngre \u00e4n till\u00e5ten parkeringstid\"  class=\"choice-28 depth-1\"  >P 48 tim &#8211; Parkering l\u00e4ngre \u00e4n till\u00e5ten parkeringstid<\/option><option value=\"P 72 tim - Parkering l\u00e4ngre \u00e4n till\u00e5ten parkeringstid\"  class=\"choice-29 depth-1\"  >P 72 tim &#8211; Parkering l\u00e4ngre \u00e4n till\u00e5ten parkeringstid<\/option><option value=\"P 4 dygn - Parkering l\u00e4ngre \u00e4n till\u00e5ten parkeringstid\"  class=\"choice-30 depth-1\"  >P 4 dygn &#8211; Parkering l\u00e4ngre \u00e4n till\u00e5ten parkeringstid<\/option><option value=\"P 7 dygn - Parkering l\u00e4ngre \u00e4n till\u00e5ten parkeringstid\"  class=\"choice-31 depth-1\"  >P 7 dygn &#8211; Parkering l\u00e4ngre \u00e4n till\u00e5ten parkeringstid<\/option><option value=\"\u00d6vrig orsak enligt anteckning p\u00e5 kontrollavgiften\"  class=\"choice-32 depth-1\"  >\u00d6vrig orsak enligt anteckning p\u00e5 kontrollavgiften<\/option><option value=\"Fler \u00e4n en P-skiva synlig\"  class=\"choice-33 depth-1\"  >Fler \u00e4n en P-skiva synlig<\/option><option value=\"Parkerad p\u00e5 reserverad outhyrd plats\"  class=\"choice-34 depth-1\"  >Parkerad p\u00e5 reserverad outhyrd plats<\/option><option value=\"Parkeringsskiva utg\u00e5ngen\/Felinst\u00e4lld\"  class=\"choice-35 depth-1\"  >Parkeringsskiva utg\u00e5ngen\/Felinst\u00e4lld<\/option><option value=\"Parkerad p\u00e5 stannandef\u00f6rbud\"  class=\"choice-36 depth-1\"  >Parkerad p\u00e5 stannandef\u00f6rbud<\/option><option value=\"Biljett ogiltig\"  class=\"choice-37 depth-1\"  >Biljett ogiltig<\/option><\/select><\/div><div id=\"wpforms-8297-field_33-container\" class=\"wpforms-field wpforms-field-html\" data-field-id=\"33\"><div id=\"wpforms-8297-field_33\"><h4>Bifoga filer (max 3 filer &#038; max storlek 3 MB)<\/h4><\/div><\/div><div id=\"wpforms-8297-field_14-container\" class=\"wpforms-field wpforms-field-file-upload\" data-field-id=\"14\"><label class=\"wpforms-field-label wpforms-label-hide\" for=\"wpforms-8297-field_14\">Bifoga filer (max 3 filer &amp; max storlek 3 MB)<\/label><div\n\t\tclass=\"wpforms-uploader \"\n\t\tdata-field-id=\"14\"\n\t\tdata-form-id=\"8297\"\n\t\tdata-input-name=\"wpforms_8297_14\"\n\t\tdata-extensions=\"png,gif,jpg,jpeg,pdf\"\n\t\tdata-max-size=\"3145728\"\n\t\tdata-max-file-number=\"3\"\n\t\tdata-post-max-size=\"104857600\"\n\t\tdata-max-parallel-uploads=\"4\"\n\t\tdata-parallel-uploads=\"true\"\n\t\tdata-file-chunk-size=\"2097152\">\n\t<div class=\"dz-message\">\n\t\t<svg  viewBox=\"0 0 640 640\" focusable=\"false\" data-icon=\"inbox\" width=\"50px\" height=\"50px\" fill=\"currentColor\" aria-hidden=\"true\">\n\t\t\t<path d=\"M352 173.3L352 384C352 401.7 337.7 416 320 416C302.3 416 288 401.7 288 384L288 173.3L246.6 214.7C234.1 227.2 213.8 227.2 201.3 214.7C188.8 202.2 188.8 181.9 201.3 169.4L297.3 73.4C309.8 60.9 330.1 60.9 342.6 73.4L438.6 169.4C451.1 181.9 451.1 202.2 438.6 214.7C426.1 227.2 405.8 227.2 393.3 214.7L352 173.3zM320 464C364.2 464 400 428.2 400 384L480 384C515.3 384 544 412.7 544 448L544 480C544 515.3 515.3 544 480 544L160 544C124.7 544 96 515.3 96 480L96 448C96 412.7 124.7 384 160 384L240 384C240 428.2 275.8 464 320 464zM464 488C477.3 488 488 477.3 488 464C488 450.7 477.3 440 464 440C450.7 440 440 450.7 440 464C440 477.3 450.7 488 464 488z\"\/>\n\t\t<\/svg>\n\n\t\t<span class=\"modern-title\">\n\t\t\t\t\t\t\tDrag &amp; Drop Files, \t\t\t\t<span>Choose Files to Upload<\/span>\n\t\t\t\t\t<\/span>\n\n\t\t\t\t\t<span class=\"modern-hint\">You can upload up to 3 files.<\/span>\n\t\t\t<\/div>\n<\/div>\n\n<input\n\t\ttype=\"text\"\n\t\tautocomplete=\"off\"\n\t\treadonly\n\t\tclass=\"dropzone-input\"\n\t\tstyle=\"position:absolute!important;clip:rect(0,0,0,0)!important;height:1px!important;width:1px!important;border:0!important;overflow:hidden!important;padding:0!important;margin:0!important;\"\n\t\tid=\"wpforms-8297-field_14\"\n\t\tname=\"wpforms_8297_14\" \t\tvalue=\"\">\n<\/div><div id=\"wpforms-8297-field_35-container\" class=\"wpforms-field wpforms-field-layout\" data-field-id=\"35\"><div class=\"wpforms-field-layout-rows wpforms-field-large\"><div class=\"wpforms-layout-row\"><div class=\"wpforms-layout-column wpforms-layout-column-33\"><div id=\"wpforms-8297-field_36-container\" class=\"wpforms-field wpforms-field-text\" data-field-id=\"36\"><label class=\"wpforms-field-label wpforms-label-hide\" for=\"wpforms-8297-field_36\">Ditt namn <span class=\"wpforms-required-label\">*<\/span><\/label><input type=\"text\" id=\"wpforms-8297-field_36\" class=\"wpforms-field-medium wpforms-field-required\" name=\"wpforms[fields][36]\" placeholder=\"Ditt namn\" required><\/div><\/div><div class=\"wpforms-layout-column wpforms-layout-column-33\"><div id=\"wpforms-8297-field_19-container\" class=\"wpforms-field wpforms-field-text\" data-field-id=\"19\"><label class=\"wpforms-field-label wpforms-label-hide\" for=\"wpforms-8297-field_19\">Din adress: <span class=\"wpforms-required-label\">*<\/span><\/label><input type=\"text\" id=\"wpforms-8297-field_19\" class=\"wpforms-field-large wpforms-field-required\" name=\"wpforms[fields][19]\" placeholder=\"Din adress\" required><\/div><\/div><div class=\"wpforms-layout-column wpforms-layout-column-33\"><div id=\"wpforms-8297-field_22-container\" class=\"wpforms-field wpforms-field-text\" data-field-id=\"22\"><label class=\"wpforms-field-label wpforms-label-hide\" for=\"wpforms-8297-field_22\">Ditt postnummer <span class=\"wpforms-required-label\">*<\/span><\/label><input type=\"text\" id=\"wpforms-8297-field_22\" class=\"wpforms-field-large wpforms-field-required\" name=\"wpforms[fields][22]\" placeholder=\"Ditt postnummer\" required><\/div><\/div><\/div><\/div><\/div><div id=\"wpforms-8297-field_37-container\" class=\"wpforms-field wpforms-field-layout\" data-field-id=\"37\"><div class=\"wpforms-field-layout-rows wpforms-field-large\"><div class=\"wpforms-layout-row\"><div class=\"wpforms-layout-column wpforms-layout-column-33\"><div id=\"wpforms-8297-field_23-container\" class=\"wpforms-field wpforms-field-text\" data-field-id=\"23\"><label class=\"wpforms-field-label wpforms-label-hide\" for=\"wpforms-8297-field_23\">Din ort <span class=\"wpforms-required-label\">*<\/span><\/label><input type=\"text\" id=\"wpforms-8297-field_23\" class=\"wpforms-field-large wpforms-field-required\" name=\"wpforms[fields][23]\" placeholder=\"Din ort\" required><\/div><\/div><div class=\"wpforms-layout-column wpforms-layout-column-33\"><div id=\"wpforms-8297-field_24-container\" class=\"wpforms-field wpforms-field-phone\" data-field-id=\"24\"><label class=\"wpforms-field-label wpforms-label-hide\" for=\"wpforms-8297-field_24\">Ditt telefonnummer<\/label><input type=\"tel\" id=\"wpforms-8297-field_24\" class=\"wpforms-field-large\" data-rule-int-phone-field=\"true\" name=\"wpforms[fields][24]\" placeholder=\"Ditt telefonnummer\" aria-label=\"Ditt telefonnummer\" ><\/div><\/div><div class=\"wpforms-layout-column wpforms-layout-column-33\"><div id=\"wpforms-8297-field_1-container\" class=\"wpforms-field wpforms-field-email\" data-field-id=\"1\"><label class=\"wpforms-field-label wpforms-label-hide\" for=\"wpforms-8297-field_1\">Din e-postadress <span class=\"wpforms-required-label\">*<\/span><\/label><input type=\"email\" id=\"wpforms-8297-field_1\" class=\"wpforms-field-large wpforms-field-required\" name=\"wpforms[fields][1]\" placeholder=\"Din e-postadress\" spellcheck=\"false\" required><\/div><\/div><\/div><\/div><\/div><div id=\"wpforms-8297-field_25-container\" class=\"wpforms-field wpforms-field-textarea\" data-field-id=\"25\"><label class=\"wpforms-field-label wpforms-label-hide\" for=\"wpforms-8297-field_25\">Motivering till din \u00f6verklagan <span class=\"wpforms-required-label\">*<\/span><\/label><textarea id=\"wpforms-8297-field_25\" class=\"wpforms-field-medium wpforms-field-required wpforms-limit-characters-enabled\" data-form-id=\"8297\" data-field-id=\"25\" data-text-limit=\"1500\" name=\"wpforms[fields][25]\" placeholder=\"Motivering till din \u00f6verklagan\" maxlength=\"1500\" required><\/textarea><\/div><div id=\"wpforms-8297-field_41-container\" class=\"wpforms-field wpforms-field-html\" data-field-id=\"41\"><div id=\"wpforms-8297-field_41\"><div id=\"info-tooltip\" style=\"\r\n    display:none;\r\n    background:#fff3cd;\r\n    border:1px solid #ffcc00;\r\n    padding:10px;\r\n    border-radius:6px;\r\n    margin-top:6px;\r\n    font-size:14px;\r\n\"><\/div>\r\n<\/div><\/div><div id=\"wpforms-8297-field_5-container\" class=\"wpforms-field wpforms-field-gdpr-checkbox\" data-field-id=\"5\"><label class=\"wpforms-field-label\">Godk\u00e4nnande <span class=\"wpforms-required-label\">*<\/span><\/label><ul id=\"wpforms-8297-field_5\" class=\"wpforms-field-required\"><li class=\"choice-1\"><input type=\"checkbox\" id=\"wpforms-8297-field_5_1\" name=\"wpforms[fields][5][]\" value=\"Jag godk\u00e4nner P-Services integritetspolicy.\" required ><label class=\"wpforms-field-label-inline\" for=\"wpforms-8297-field_5_1\">Jag godk\u00e4nner P-Services integritetspolicy.<\/label><\/li><\/ul><\/div><\/div><!-- .wpforms-field-container --><div class=\"wpforms-field wpforms-field-hp\"><label for=\"wpforms-8297-field-hp\" class=\"wpforms-field-label\">Name<\/label><input type=\"text\" name=\"wpforms[hp]\" id=\"wpforms-8297-field-hp\" class=\"wpforms-field-medium\"><\/div><div class=\"wpforms-submit-container\" ><input type=\"hidden\" name=\"wpforms[id]\" value=\"8297\"><input type=\"hidden\" name=\"page_title\" value=\"\"><input type=\"hidden\" name=\"page_url\" value=\"https:\/\/pservice.se\/en_en\/wp-json\/wp\/v2\/pages\/8293\"><input type=\"hidden\" name=\"url_referer\" value=\"\"><button type=\"submit\" name=\"wpforms[submit]\" id=\"wpforms-submit-8297\" class=\"wpforms-submit\" data-alt-text=\"Skickar...\" data-submit-text=\"Skicka\" aria-live=\"assertive\" value=\"wpforms-submit\">Skicka<\/button><\/div><\/form><\/div>  <!-- .wpforms-container --><\/div><\/div>\n<\/div>","protected":false},"excerpt":{"rendered":"<p>\u00d6verklaga H\u00e4r har du m\u00f6jlighet att&nbsp;ifr\u00e5gas\u00e4tta\/\u00f6verklaga en kontrollavgift. Om du anser att en kontrollavgift \u00e4r felaktigt utf\u00e4rdad&nbsp;ska du fylla i formul\u00e4ret nedan. Obs! Vi godtar ej \u00f6verklagande&nbsp;via e-mail p.g.a. s\u00e4kerhetsrisken. Under orsak anger du varf\u00f6r du anser att kontrollavgiften \u00e4r&nbsp;felaktig. Efter utredning skickar vi ett svar p\u00e5 ditt \u00f6verklagande. Omst\u00e4ndigheter som kan leda till att [&hellip;]<\/p>\n","protected":false},"author":1,"featured_media":0,"parent":0,"menu_order":3,"comment_status":"closed","ping_status":"closed","template":"","meta":{"_acf_changed":false,"footnotes":""},"class_list":["post-8293","page","type-page","status-publish","hentry"],"acf":[],"_links":{"self":[{"href":"https:\/\/pservice.se\/en_en\/wp-json\/wp\/v2\/pages\/8293","targetHints":{"allow":["GET"]}}],"collection":[{"href":"https:\/\/pservice.se\/en_en\/wp-json\/wp\/v2\/pages"}],"about":[{"href":"https:\/\/pservice.se\/en_en\/wp-json\/wp\/v2\/types\/page"}],"author":[{"embeddable":true,"href":"https:\/\/pservice.se\/en_en\/wp-json\/wp\/v2\/users\/1"}],"replies":[{"embeddable":true,"href":"https:\/\/pservice.se\/en_en\/wp-json\/wp\/v2\/comments?post=8293"}],"version-history":[{"count":10,"href":"https:\/\/pservice.se\/en_en\/wp-json\/wp\/v2\/pages\/8293\/revisions"}],"predecessor-version":[{"id":8674,"href":"https:\/\/pservice.se\/en_en\/wp-json\/wp\/v2\/pages\/8293\/revisions\/8674"}],"wp:attachment":[{"href":"https:\/\/pservice.se\/en_en\/wp-json\/wp\/v2\/media?parent=8293"}],"curies":[{"name":"wp","href":"https:\/\/api.w.org\/{rel}","templated":true}]}}