{"id":8122,"date":"2024-08-19T08:22:13","date_gmt":"2024-08-19T08:22:13","guid":{"rendered":"https:\/\/pservice.se.185-133-206-116.bb.kringelstan.se\/?page_id=8122"},"modified":"2025-01-31T10:15:26","modified_gmt":"2025-01-31T10:15:26","slug":"kontrollavgift","status":"publish","type":"page","link":"https:\/\/pservice.se\/en_en\/kontrollavgift\/","title":{"rendered":"Control fee"},"content":{"rendered":"<div class=\"inner-content-wrap\">\n<div class=\"wp-block-group max-bredd-large\"><div class=\"wp-block-group__inner-container is-layout-constrained wp-block-group-is-layout-constrained\">\n<h2 class=\"wp-block-heading\">Information on the control fee<\/h2>\n\n\n\n<div class=\"wp-block-buttons is-content-justification-left is-layout-flex wp-container-core-buttons-is-layout-fdcfc74e wp-block-buttons-is-layout-flex\">\n<div class=\"wp-block-button\"><a class=\"wp-block-button__link wp-element-button\" href=\"\/en_en\/overklaga\/\">Appeal<\/a><\/div>\n<\/div>\n\n\n\n<p><\/p>\n\n\n\n<p>You will be charged an inspection fee if the vehicle is parked in breach of the parking regulations\u00a0<em>(Act on control fees for illegal parking, SFS 1984:318).<\/em><\/p>\n\n\n\n<p>The amount of the fee follows the municipal fee for each offence.<\/p>\n\n\n\n<p><strong>Payment of the inspection fee must be made within 8 days of the date of printing and is payable to Bg 5012-7042.<\/strong><\/p>\n\n\n\n<blockquote class=\"wp-block-quote is-layout-flow wp-block-quote-is-layout-flow\">\n<p class=\"has-text-align-center\"><strong>Payment from abroad:<\/strong><br>SEB (Skandinaviska Enskilda Banken)<br>Bic: ESSESESS<br>Iban: SE2250000000053541105003<\/p>\n<\/blockquote>\n\n\n\n<p>Follow the instructions on the control fee and always quote the case number when paying (= OCR number)<br>If you have not paid the inspection fee, you will receive a reminder.<\/p>\n\n\n\n<p>The reminder must be paid within 8 days from the date of printing.<\/p>\n\n\n\n<p>If the reminder does not lead to payment either, the matter will be referred to Profina Inkasso for collection action. A statutory fee of SEK 180 will then be added.<\/p>\n<\/div><\/div>\n<\/div>","protected":false},"excerpt":{"rendered":"<p>Information om kontrollavgiften Du f\u00e5r en kontrollavgift om fordonet\u00a0st\u00e5r uppst\u00e4llt i strid mot g\u00e4llande\u00a0parkeringsbest\u00e4mmelser\u00a0(Lagen om kontrollavgift vid olovlig\u00a0parkering, SFS 1984:318). Avgiftens storlek f\u00f6ljer kommunens&nbsp;avgift f\u00f6r respektive f\u00f6rseelse. Betalning av kontrollavgiften skall&nbsp;ske inom 8 dagar fr\u00e5n utskriftsdatum&nbsp;och betalas till Bg 5012-7042. Betalning fr\u00e5n utlandet:SEB (Skandinaviska Enskilda Banken)Bic: ESSESESSIban: SE2250000000053541105003 F\u00f6lj anvisningarna p\u00e5 kontrollavgiften&nbsp;och ange alltid \u00e4rendenummer [&hellip;]<\/p>\n","protected":false},"author":1,"featured_media":0,"parent":0,"menu_order":2,"comment_status":"closed","ping_status":"closed","template":"","meta":{"_acf_changed":false,"footnotes":""},"class_list":["post-8122","page","type-page","status-publish","hentry"],"acf":[],"_links":{"self":[{"href":"https:\/\/pservice.se\/en_en\/wp-json\/wp\/v2\/pages\/8122","targetHints":{"allow":["GET"]}}],"collection":[{"href":"https:\/\/pservice.se\/en_en\/wp-json\/wp\/v2\/pages"}],"about":[{"href":"https:\/\/pservice.se\/en_en\/wp-json\/wp\/v2\/types\/page"}],"author":[{"embeddable":true,"href":"https:\/\/pservice.se\/en_en\/wp-json\/wp\/v2\/users\/1"}],"replies":[{"embeddable":true,"href":"https:\/\/pservice.se\/en_en\/wp-json\/wp\/v2\/comments?post=8122"}],"version-history":[{"count":16,"href":"https:\/\/pservice.se\/en_en\/wp-json\/wp\/v2\/pages\/8122\/revisions"}],"predecessor-version":[{"id":8532,"href":"https:\/\/pservice.se\/en_en\/wp-json\/wp\/v2\/pages\/8122\/revisions\/8532"}],"wp:attachment":[{"href":"https:\/\/pservice.se\/en_en\/wp-json\/wp\/v2\/media?parent=8122"}],"curies":[{"name":"wp","href":"https:\/\/api.w.org\/{rel}","templated":true}]}}